{"id":388,"date":"2017-07-04T12:57:03","date_gmt":"2017-07-04T11:57:03","guid":{"rendered":"https:\/\/www.gofastscheveningen.nl\/wakeboardboot-huren-scheveningen\/"},"modified":"2018-08-10T15:58:04","modified_gmt":"2018-08-10T14:58:04","slug":"wakeboard-boot","status":"publish","type":"page","link":"https:\/\/www.gofastscheveningen.nl\/de\/wakeboard-boot\/","title":{"rendered":"Wakeboard Boot"},"content":{"rendered":"<p>wakeboard-boot<\/p>\n<p>date<\/p>\n<p>DESC<\/p>\n<p>flat<\/p>\n<p>hide-arrows<\/p>\n<h2>Wakeboard-Boot Scheveningen<\/h2>\n<p><img decoding=\"async\" src=\"https:\/\/www.gofastscheveningen.nl\/wp-content\/uploads\/2017\/06\/go-fast_divider@2x.png\" width=\"115px\" height=\"15\"><\/br><\/br><br \/>\n<i class=\"icon-location\" style=\"\" aria-hidden=\"true\"><\/i>Ziel, Bloemendaal, Den Haag, Hoek van Holland, IJmuiden, Katwijk Aan Zee, Kijkduin, Monster, Nederland, Noordwijk, Rotterdam, Scheveningen, Wassenaar<br \/>\n<\/br><\/br><br \/>\n<i class=\"icon-wallet-line\" style=\"\" aria-hidden=\"true\"><\/i>Preis von: \u20ac45 p.p.<br \/>\n<\/br><\/br><br \/>\nSie k\u00f6nnen das Wakeboard-Schnellboot ab \u20ac 45, &#8211; pro Person buchen.Dieser Preis beinhaltet einen erfahrenen Skipper, Sicherheitswesten und Benzin. Nat\u00fcrlich k\u00f6nnen Sie das Wakeboard-Schnellboot f\u00fcr l\u00e4ngere Zeit buchen. Das Schnellboot kann an verschiedenen Orten in den Niederlanden verwendet werden.<\/p>\n<p><\/br><\/br><br \/>\n<div class=\"button_align align_center\"><a class=\"button  button_left button_size_2\" href=\"https:\/\/www.gofastscheveningen.nl\/de\/kontakt\"     style=\"background-color:#F2C91D!important;color:#000000;\"     title=\"\"><span class=\"button_icon\"><i class=\"icon-doc-text\"  style=\"color:#000000!important;\" aria-hidden=\"true\"><\/i><\/span><span class=\"button_label\">Reservieren!<\/span><\/a><\/div>\n <div class=\"button_align align_center\"><a class=\"button  button_left button_size_2\" href=\"\"     style=\"background-color:#F2C91D!important;color:#000000;\"     title=\"\"><span class=\"button_icon\"><i class=\"icon-call\"  style=\"color:#000000!important;\" aria-hidden=\"true\"><\/i><\/span><span class=\"button_label\">Ruf jetzt an<\/span><\/a><\/div>\n<p>no-repeat;center top;;<\/p>\n<p>auto<\/p>\n<p>ungef\u00e4hr: <\/p>\n<h4> Jetzt mieten Sie das 400 PS Speedboot mit Wakeboard von Speedboot Varen <\/h4>\n<p>Lassen Sie sich w\u00e4hrend des Wakeboardings vom Schnellboot von Go Fast Scheveningen mitnehmen. Unsere Schnellboote erreichen Geschwindigkeiten von 100 km \/ h. Beim Wakeboarden wird das Speedboot von einem erfahrenen Skipper gefahren.<\/p>\n<p>Programm: <\/p>\n<h4> Service und Qualit\u00e4t sind bei Speedboot Varen Nederland von h\u00f6chster Wichtigkeit! <\/h4>\n<p>Bevor wir segeln, wird die Gruppe \u00fcber die Sicherheit und Vorschriften auf dem Schnellboot informiert. Nach den Bestimmungen werden Sie in der (Anzug-) Schwimmweste gehi\u00dft, woraufhin das Abenteuer beginnen kann. Nachdem das Schnellboot ausgefahren ist, kann das Gas weiter und wir beginnen mit der Aktivit\u00e4t, die Sie gew\u00e4hlt haben. Mit einer Band oder Banane, die \u00fcber das Wasser fliegt, oder wenn Sie nur mit Geschwindigkeiten von bis zu 120 km \/ h auf dem Wasser segeln. Der gute Service, Schnellboot und Skipper sorgen daf\u00fcr, dass Ihre Reise unvergesslich wird.<br \/>\n<\/ br> <\/ br><br \/>\n<b> Enthalten w\u00e4hrend: <\/b> <\/br> <\/br><\/p>\n<ul>\n<li> Genug Boote <\/li>\n<li> Gepr\u00fcfte Skipper <\/li>\n<li> Schwimmwesten <\/li>\n<li> Benzin <\/li>\n<li> Ausgezeichneter Service <\/li>\n<li> Wakeboard <\/li>\n<\/ul>\n<p>Kapazit\u00e4t: <\/p>\n<h4> Wir sind bereit f\u00fcr gro\u00dfe Gruppen! <\/h4>\n<p>Wakeboarden ist eine individuelle Sportart, aber das bedeutet nicht, dass nur eine Person teilnehmen kann. Das Schnellboot hat eine Kapazit\u00e4t von 12 Personen, diese k\u00f6nnen Pl\u00e4tze tauschen (vom Wakeboarder zum Insassen).<\/p>\n<p>Locatie: <\/p>\n<h4>Speedboot huren door heel Nederland bij Go Fast Scheveningen<\/h4>\n<p>Go Fast Scheveningen is gevestigd in de Scheveningen. De speedboot  ligt altijd klaar om weg te varen. Doordat Go Fast Scheveningen mobiel is kan zij haar diensten door heel Nederland aanbieden. Zo kan Go Fast Scheveningen, op aanvraag, naar andere locaties komen.<\/p>\n<p>horizontal<\/p>\n\n                <div class='gf_browser_gecko gform_wrapper' id='gform_wrapper_4' ><a id='gf_4' class='gform_anchor' ><\/a><form method='post' enctype='multipart\/form-data' target='gform_ajax_frame_4' id='gform_4'  action='\/de\/wp-json\/wp\/v2\/pages\/388#gf_4'>\n                        <div class='gform_heading'>\n                            <h3 class='gform_title'>Contact - German<\/h3>\n                            <span class='gform_description'><\/span>\n                        <\/div>\n                        <div class='gform_body'><ul id='gform_fields_4' class='gform_fields top_label form_sublabel_below description_below'><li id='field_4_1' class='gfield gfield_contains_required field_sublabel_below field_description_below gfield_visibility_visible' ><label class='gfield_label gfield_label_before_complex' for='input_4_1_3' >Vorname<span class='gfield_required'>*<\/span><\/label><div class='ginput_complex ginput_container no_prefix has_first_name no_middle_name has_last_name no_suffix gf_name_has_2 ginput_container_name gfield_trigger_change' id='input_4_1'>\n                            \n                            <span id='input_4_1_3_container' class='name_first' >\n                                                    <input type='text' name='input_1.3' id='input_4_1_3' value='' aria-label='Vorname' tabindex='50'  aria-required=\"true\" aria-invalid=\"false\" \/>\n                                                    <label for='input_4_1_3' >Vorname<\/label>\n                                                <\/span>\n                            \n                            <span id='input_4_1_6_container' class='name_last' >\n                                                    <input type='text' name='input_1.6' id='input_4_1_6' value='' aria-label='Nachname' tabindex='52'  aria-required=\"true\" aria-invalid=\"false\" \/>\n                                                    <label for='input_4_1_6' >Nachname<\/label>\n                                                <\/span>\n                            \n                        <\/div><\/li><li id='field_4_2' class='gfield field_sublabel_below field_description_below gfield_visibility_visible' ><label class='gfield_label' for='input_4_2' >Telefon<\/label><div class='ginput_container ginput_container_phone'><input name='input_2' id='input_4_2' type='text' value='' class='medium' tabindex='54'    aria-invalid=\"false\" \/><\/div><\/li><li id='field_4_4' class='gfield field_sublabel_below field_description_below gfield_visibility_visible' ><label class='gfield_label' for='input_4_4' >Email<\/label><div class='ginput_container ginput_container_email'>\n                            <input name='input_4' id='input_4_4' type='text' value='' class='medium' tabindex='55'     aria-invalid=\"false\"\/>\n                        <\/div><\/li><li id='field_4_3' class='gfield gfield_contains_required field_sublabel_below field_description_below gfield_visibility_visible' ><label class='gfield_label' for='input_4_3' >Nachricht<span class='gfield_required'>*<\/span><\/label><div class='ginput_container ginput_container_textarea'><textarea name='input_3' id='input_4_3' class='textarea medium' tabindex='56'   aria-required=\"true\" aria-invalid=\"false\"   rows='10' cols='50'><\/textarea><\/div><\/li><li id='field_4_5' class='gfield gform_validation_container field_sublabel_below field_description_below gfield_visibility_' ><label class='gfield_label' for='input_4_5' >Phone<\/label><div class='ginput_container'><input name='input_5' id='input_4_5' type='text' value='' \/><\/div><div class='gfield_description'>Dieses Feld dient zur Validierung und sollte nicht ver\u00e4ndert werden.<\/div><\/li>\n                            <\/ul><\/div>\n        <div class='gform_footer top_label'> <input type='submit' id='gform_submit_button_4' class='gform_button button' value='Nachricht senden' tabindex='57' onclick='if(window[\"gf_submitting_4\"]){return false;}  window[\"gf_submitting_4\"]=true;  ' onkeypress='if( event.keyCode == 13 ){ if(window[\"gf_submitting_4\"]){return false;} window[\"gf_submitting_4\"]=true;  jQuery(\"#gform_4\").trigger(\"submit\",[true]); }' \/> <input type='hidden' name='gform_ajax' value='form_id=4&amp;title=1&amp;description=1&amp;tabindex=49' \/>\n            <input type='hidden' class='gform_hidden' name='is_submit_4' value='1' \/>\n            <input type='hidden' class='gform_hidden' name='gform_submit' value='4' \/>\n            \n            <input type='hidden' class='gform_hidden' name='gform_unique_id' value='' \/>\n            <input type='hidden' class='gform_hidden' name='state_4' value='WyJbXSIsImE4N2QwOWFkYzYyZWRhZWZjNjc1MWM0MTc4Y2YyZGFlIl0=' \/>\n            <input type='hidden' class='gform_hidden' name='gform_target_page_number_4' id='gform_target_page_number_4' value='0' \/>\n            <input type='hidden' class='gform_hidden' name='gform_source_page_number_4' id='gform_source_page_number_4' value='1' \/>\n            <input type='hidden' name='gform_field_values' value='' \/>\n            \n        <\/div>\n                        <\/form>\n                        <\/div>\n                <iframe style='display:none;width:0px;height:0px;' src='about:blank' name='gform_ajax_frame_4' id='gform_ajax_frame_4'>Dieser iFrame enth\u00e4lt die erforderliche Logik f\u00fcr Gravity Forms Formulare mit AJAX<\/iframe>\n                <script type='text\/javascript'>jQuery(document).ready(function($){gformInitSpinner( 4, 'https:\/\/www.gofastscheveningen.nl\/wp-content\/plugins\/gravityforms\/images\/spinner.gif' );jQuery('#gform_ajax_frame_4').load( function(){var contents = jQuery(this).contents().find('*').html();var is_postback = contents.indexOf('GF_AJAX_POSTBACK') >= 0;if(!is_postback){return;}var form_content = jQuery(this).contents().find('#gform_wrapper_4');var is_confirmation = jQuery(this).contents().find('#gform_confirmation_wrapper_4').length > 0;var is_redirect = contents.indexOf('gformRedirect(){') >= 0;var is_form = form_content.length > 0 && ! is_redirect && ! is_confirmation;if(is_form){jQuery('#gform_wrapper_4').html(form_content.html());if(form_content.hasClass('gform_validation_error')){jQuery('#gform_wrapper_4').addClass('gform_validation_error');} else {jQuery('#gform_wrapper_4').removeClass('gform_validation_error');}setTimeout( function() { \/* delay the scroll by 50 milliseconds to fix a bug in chrome *\/ jQuery(document).scrollTop(jQuery('#gform_wrapper_4').offset().top); }, 50 );if(window['gformInitDatepicker']) {gformInitDatepicker();}if(window['gformInitPriceFields']) {gformInitPriceFields();}var current_page = jQuery('#gform_source_page_number_4').val();gformInitSpinner( 4, 'https:\/\/www.gofastscheveningen.nl\/wp-content\/plugins\/gravityforms\/images\/spinner.gif' );jQuery(document).trigger('gform_page_loaded', [4, current_page]);window['gf_submitting_4'] = false;}else if(!is_redirect){var confirmation_content = jQuery(this).contents().find('.GF_AJAX_POSTBACK').html();if(!confirmation_content){confirmation_content = contents;}setTimeout(function(){jQuery('#gform_wrapper_4').replaceWith(confirmation_content);jQuery(document).scrollTop(jQuery('#gf_4').offset().top);jQuery(document).trigger('gform_confirmation_loaded', [4]);window['gf_submitting_4'] = false;}, 50);}else{jQuery('#gform_4').append(contents);if(window['gformRedirect']) {gformRedirect();}}jQuery(document).trigger('gform_post_render', [4, current_page]);} );} );<\/script><script type='text\/javascript'> if(typeof gf_global == 'undefined') var gf_global = {\"gf_currency_config\":{\"name\":\"U.S. Dollar\",\"symbol_left\":\"$\",\"symbol_right\":\"\",\"symbol_padding\":\"\",\"thousand_separator\":\",\",\"decimal_separator\":\".\",\"decimals\":2},\"base_url\":\"https:\\\/\\\/www.gofastscheveningen.nl\\\/wp-content\\\/plugins\\\/gravityforms\",\"number_formats\":[],\"spinnerUrl\":\"https:\\\/\\\/www.gofastscheveningen.nl\\\/wp-content\\\/plugins\\\/gravityforms\\\/images\\\/spinner.gif\"};jQuery(document).bind('gform_post_render', function(event, formId, currentPage){if(formId == 4) {if(!\/(android)\/i.test(navigator.userAgent)){jQuery('#input_4_2').mask('(999) 999-9999').bind('keypress', function(e){if(e.which == 13){jQuery(this).blur();} } );}} } );jQuery(document).bind('gform_post_conditional_logic', function(event, formId, fields, isInit){} );<\/script><script type='text\/javascript'> jQuery(document).ready(function(){jQuery(document).trigger('gform_post_render', [4, 1]) } ); <\/script>\n<p>#f2c91d<\/p>\n<p>no-repeat;center top;;<\/p>\n<p>auto<\/p>\n<p>10px<\/p>\n<p>4<\/p>\n<p>grid<\/p>\n<p>4<\/p>\n<p>aktivitaeten<\/p>\n","protected":false},"excerpt":{"rendered":"<p>wakeboard-boot date DESC flat hide-arrows Wakeboard-Boot Scheveningen Ziel, Bloemendaal, Den Haag, Hoek van Holland, IJmuiden, Katwijk Aan Zee, Kijkduin, Monster, Nederland, Noordwijk, Rotterdam, Scheveningen, Wassenaar Preis<span class=\"excerpt-hellip\"> [\u2026]<\/span><\/p>\n","protected":false},"author":2,"featured_media":418,"parent":0,"menu_order":0,"comment_status":"closed","ping_status":"closed","template":"","meta":{"sfsi_plus_gutenberg_text_before_share":"","sfsi_plus_gutenberg_show_text_before_share":"","sfsi_plus_gutenberg_icon_type":"","sfsi_plus_gutenberg_icon_alignemt":"","sfsi_plus_gutenburg_max_per_row":"","footnotes":""},"class_list":["post-388","page","type-page","status-publish","has-post-thumbnail","hentry"],"_links":{"self":[{"href":"https:\/\/www.gofastscheveningen.nl\/de\/wp-json\/wp\/v2\/pages\/388","targetHints":{"allow":["GET"]}}],"collection":[{"href":"https:\/\/www.gofastscheveningen.nl\/de\/wp-json\/wp\/v2\/pages"}],"about":[{"href":"https:\/\/www.gofastscheveningen.nl\/de\/wp-json\/wp\/v2\/types\/page"}],"author":[{"embeddable":true,"href":"https:\/\/www.gofastscheveningen.nl\/de\/wp-json\/wp\/v2\/users\/2"}],"replies":[{"embeddable":true,"href":"https:\/\/www.gofastscheveningen.nl\/de\/wp-json\/wp\/v2\/comments?post=388"}],"version-history":[{"count":2,"href":"https:\/\/www.gofastscheveningen.nl\/de\/wp-json\/wp\/v2\/pages\/388\/revisions"}],"predecessor-version":[{"id":489,"href":"https:\/\/www.gofastscheveningen.nl\/de\/wp-json\/wp\/v2\/pages\/388\/revisions\/489"}],"wp:featuredmedia":[{"embeddable":true,"href":"https:\/\/www.gofastscheveningen.nl\/de\/wp-json\/wp\/v2\/media\/418"}],"wp:attachment":[{"href":"https:\/\/www.gofastscheveningen.nl\/de\/wp-json\/wp\/v2\/media?parent=388"}],"curies":[{"name":"wp","href":"https:\/\/api.w.org\/{rel}","templated":true}]}}