{"id":326,"date":"2017-06-27T12:21:00","date_gmt":"2017-06-27T11:21:00","guid":{"rendered":"https:\/\/www.gofastscheveningen.nl\/home\/"},"modified":"2018-07-20T13:53:29","modified_gmt":"2018-07-20T12:53:29","slug":"home","status":"publish","type":"page","link":"https:\/\/www.gofastscheveningen.nl\/de\/","title":{"rendered":"Home"},"content":{"rendered":"<h2><span id=\"result_box\" class=\"short_text\" lang=\"de\" tabindex=\"-1\"><span class=\"\">Die beste Kreuzfahrt in Scheveningen<\/span><\/span><\/h2>\n<p><img decoding=\"async\" src=\"https:\/\/www.gofastscheveningen.nl\/wp-content\/uploads\/2017\/06\/go-fast_divider@2x.png\" width=\"115px\" height=\"15\" \/><\/p>\n<p><span id=\"result_box\" class=\"\" lang=\"de\" tabindex=\"-1\">Gehen Sie schnell nach Scheveningen, spezialisiert auf Rundreisen mit dem Go Fast r.i.b. Boot (Festrumpfschlauchboot). Gelegen am 2. inneren Hafen am Dr. Lelykade in Scheveningen.<\/span><\/p>\n<p><span class=\"\">Wir haben ein 12-Mann-Boot mit Sondereinsatzkr\u00e4ften, wo wir Geschwindigkeiten von \u00fcber 100 km \/ h erreichen k\u00f6nnen.<\/span><\/p>\n<p><span id=\"result_box\" class=\"\" lang=\"de\" tabindex=\"-1\">W\u00e4hrend einer Kreuzfahrt wird der Gast im 2. inneren Hafen von einem Go Fast Mitarbeiter empfangen. Sie erhalten die M\u00f6glichkeit, einen speziellen W\u00e4rme- und Driftanzug anzuziehen. Dann werden Sie zum Boot begleitet, wo Sie in einem unserer 9 Meter langen und mit 2x Yahama High Power 250 PK Go Fast r.i.b. Boote. Es gibt eine kurze Erkl\u00e4rung und nach der Kontrolle der Passagiere und des Bootes segeln wir aus dem Hafen.<\/span><\/p>\n<p><span id=\"result_box\" class=\"\" lang=\"de\" tabindex=\"-1\">Wenn wir auf See sind, k\u00f6nnen wir Vollgas geben, je nach den W\u00fcnschen der Passagiere. Dann segeln wir in Richtung De Pier, wo Sie den neuen Boulevard, den Leuchtturm und Scheveningen vom Meer aus bewundern k\u00f6nnen. Wir werden auch einige scharfe Kurven machen, wo Sie gut bleiben m\u00fcssen. Sie k\u00f6nnen das Boot auch f\u00fcr ein Arrangement mieten, privat, Kreuzfahrt oder Unterst\u00fctzung bei einer (Segel) Veranstaltung.<\/span><\/p>\n<div class=\"button_align align_center\"><a class=\"button short_text button_left button_size_2\" href=\"https:\/\/www.gofastscheveningen.nl\/#mogelijkheden\"     style=\"background-color:#f2c91d!important;color:#000000;\"     title=\"\"><span class=\"button_icon\"><i class=\"icon-down\"  style=\"color:#000000!important;\" aria-hidden=\"true\"><\/i><\/span><span class=\"button_label\">Button<\/span><\/a><\/div>\n\n<p>no-repeat;center top;;<\/p>\n<p>auto<\/p>\n<p>PeKDIVb0sAU<\/p>\n<p>700<\/p>\n<p>400<\/p>\n<p><img decoding=\"async\" src=\"https:\/\/www.gofastscheveningen.nl\/wp-content\/uploads\/2017\/06\/go-fast_vuurwerk-thumb@2x.jpg\" alt=\"go-fast_vuurwerk-thumb@2x\" \/><\/p>\n<p><span id=\"result_box\" class=\"short_text\" lang=\"de\" tabindex=\"-1\">Bootsverleih w\u00e4hrend Veranstaltungen?<\/span><\/p>\n<div class=\"button_align align_center\"><a class=\"button  button_left button_size_2\" href=\"https:\/\/www.gofastscheveningen.nl\/speedboot-evenementen\/\"     style=\"background-color:#ffffff!important;color:#000000;\"     title=\"\"><span class=\"button_icon\"><i class=\"icon-lifebuoy\"  style=\"color:#000000!important;\" aria-hidden=\"true\"><\/i><\/span><span class=\"button_label\">Button<\/span><\/a><\/div>\n\n<p>#e1bb1b<\/p>\n<p>dots<\/p>\n<h2><span id=\"result_box\" class=\"short_text\" lang=\"de\" tabindex=\"-1\">Kreuzfahrt<\/span> Den Haag \/ Scheveningen<\/h2>\n<p><img decoding=\"async\" src=\"https:\/\/www.gofastscheveningen.nl\/wp-content\/uploads\/2017\/06\/go-fast_divider@2x.png\" width=\"115px\" height=\"15\" \/><br \/>\n<span id=\"result_box\" class=\"\" lang=\"de\" tabindex=\"-1\">Sind Sie in Aufregung und Sensation? Dann sind Sie bei Go Fast Scheveningen genau richtig. Unsere schnellen Boote haben Motoren zwischen 50 und 600 PS und k\u00f6nnen Geschwindigkeiten \u00fcber 100 km \/ h erreichen. <span class=\"\">Mit den Speedbooten von Go Fast Scheveningen kann man \u00fcber die Wellen rennen, Wakeboarden oder Bananen hinter den Speedboats segeln.<\/span> <span class=\"\">Sie k\u00f6nnen ein Schnellboot in Scheveningen bereits ab 20 Minuten mit einer Gruppe mieten, oder Sie k\u00f6nnen sich Schritt f\u00fcr Schritt an einem Tag anmelden, an dem wir feste Touren haben.<\/span> Nichts ist zu verr\u00fcckt f\u00fcr Go Fast Scheveningen!<\/span><\/p>\n<div class=\"button_align align_center\"><a class=\"button short_text button_left button_size_2\" href=\"https:\/\/www.gofastscheveningen.nl\/reserveer\/\"     style=\"background-color:#f2c91d!important;color:#000000;\"     title=\"\"><span class=\"button_icon\"><i class=\"icon-down\"  style=\"color:#000000!important;\" aria-hidden=\"true\"><\/i><\/span><span class=\"button_label\">Button<\/span><\/a><\/div>\n\n<div class=\"button_align align_center\"><a class=\"button short_text button_left button_size_2\" href=\"https:\/\/www.gofastscheveningen.nl\/boottocht-scheveningen\/\"     style=\"background-color:#f2c91d!important;color:#000000;\"     title=\"\"><span class=\"button_icon\"><i class=\"icon-lifebuoy\"  style=\"color:#000000!important;\" aria-hidden=\"true\"><\/i><\/span><span class=\"button_label\">Button<\/span><\/a><\/div>\n\n<p>no-repeat;center top;;<\/p>\n<p>auto<\/p>\n<p>5<\/p>\n<p>activiteit<\/p>\n<p>flat<\/p>\n<h2><span id=\"result_box\" class=\"short_text\" lang=\"de\" tabindex=\"-1\">Schnellboot-Arrangements<\/span><\/h2>\n<p><img decoding=\"async\" src=\"https:\/\/www.gofastscheveningen.nl\/wp-content\/uploads\/2017\/06\/go-fast_divider@2x.png\" width=\"115px\" height=\"15\" \/><br \/>\n<span id=\"result_box\" class=\"\" lang=\"de\" tabindex=\"-1\"><span class=\"\">F\u00fcr die spektakul\u00e4rsten Ausfl\u00fcge sind Sie bei GoFast Scheveningen genau richtig.<\/span> <span class=\"\">Hast du etwas zu feiern?<\/span> Dann w\u00e4hlen Sie eines unserer Speedboot-Pakete.<br \/>\n<span class=\"\">Wir sorgen f\u00fcr einen unvergesslichen Tag!<\/span><\/span><\/p>\n<h5><span id=\"result_box\" class=\"short_text\" lang=\"de\" tabindex=\"-1\">Die Anordnung<\/span><\/h5>\n<p><span id=\"result_box\" class=\"\" lang=\"de\" tabindex=\"-1\">Neben der spektakul\u00e4ren Fahrt mit dem Speedboot bieten wir auch sportliche Aktivit\u00e4ten an, die aus folgenden Sportarten bestehen: Skimboarden, Drachenfliegen, Surfen, Langboarden, Bodyboarden, Beachvolleyball, Slacklinen und Singen.<br \/>\nDiese Aktivit\u00e4ten k\u00f6nnen nat\u00fcrlich mit Catering kombiniert werden, um Ihren Ausflug zu vervollst\u00e4ndigen. Sehen Sie sich die Arrangements f\u00fcr eine detaillierte Beschreibung an.<\/span><\/p>\n<div class=\"button_align align_center\"><a class=\"button short_text button_left button_size_2\" href=\"\"     style=\"background-color:#f2c91d!important;color:#000000;\"     title=\"\"><span class=\"button_icon\"><i class=\"icon-down\"  style=\"color:#000000!important;\" aria-hidden=\"true\"><\/i><\/span><span class=\"button_label\">Button<\/span><\/a><\/div>\n<br \/>\n<div class=\"button_align align_center\"><a class=\"button short_text button_left button_size_2\" href=\"https:\/\/www.gofastscheveningen.nl\/boottocht-arrangementen\/\"     style=\"background-color:#f2c91d!important;color:#000000;\"     title=\"\"><span class=\"button_icon\"><i class=\"icon-lifebuoy\"  style=\"color:#000000!important;\" aria-hidden=\"true\"><\/i><\/span><span class=\"button_label\">Button<\/span><\/a><\/div>\n<p>no-repeat;center top;;<\/p>\n<p>auto<\/p>\n<p>5<\/p>\n<p>speedboot-arrangementen<\/p>\n<p>flat<\/p>\n<h2><span id=\"result_box\" class=\"short_text\" lang=\"de\" tabindex=\"-1\">Andere Bootsfahrten<\/span><\/h2>\n<p><img decoding=\"async\" src=\"https:\/\/www.gofastscheveningen.nl\/wp-content\/uploads\/2017\/06\/go-fast_divider@2x.png\" width=\"115px\" height=\"15\" \/><span id=\"result_box\" class=\"\" lang=\"de\" tabindex=\"-1\"><\/span><\/p>\n<p><span id=\"result_box\" class=\"\" lang=\"de\" tabindex=\"-1\">GoFast Scheveningen unternimmt auch praktische Bootsfahrten zus\u00e4tzlich zu Freizeitbootfahrten. Wir stehen f\u00fcr jede Aktion auf dem Wasser zur Verf\u00fcgung, die mit einem unserer Schnellboote m\u00f6glich ist. Alles ist verhandelbar!<\/span><\/p>\n<p><span class=\"\">Organisieren Sie zum Beispiel eine Veranstaltung in Scheveningen oder an einem anderen Ort, der von Wasser umgeben ist?<\/span> <span class=\"\">Nutzen Sie das Wasser, indem Sie die Besucher als Wassertaxi ans Ziel bringen.<\/span> <span class=\"\">Beachten Sie auch die \u00dcbersicht, was Sicherheit vom Schnellboot haben k\u00f6nnte.<\/span><br \/>\n<span class=\"\">Wenn Sie einzigartige Bilder aus einem besonderen Blickwinkel haben wollen, wurden unsere Schnellboote mehrmals als Filmboot und Fotoboot gemietet.<\/span><\/p>\n<div class=\"button_align align_center\"><a class=\"button short_text button_left button_size_2\" href=\"\"     style=\"background-color:#f2c91d!important;color:#000000;\"     title=\"\"><span class=\"button_icon\"><i class=\"icon-down\"  style=\"color:#000000!important;\" aria-hidden=\"true\"><\/i><\/span><span class=\"button_label\">Button<\/span><\/a><\/div>\n<br \/>\n<div class=\"button_align align_center\"><a class=\"button short_text button_left button_size_2\" href=\"https:\/\/www.gofastscheveningen.nl\/overige-boottochten\/\"     style=\"background-color:#f2c91d!important;color:#000000;\"     title=\"\"><span class=\"button_icon\"><i class=\"icon-lifebuoy\"  style=\"color:#000000!important;\" aria-hidden=\"true\"><\/i><\/span><span class=\"button_label\">Button<\/span><\/a><\/div>\n<p>no-repeat;center top;;<\/p>\n<p>auto<\/p>\n<p>5<\/p>\n<p>overige-boottochten<\/p>\n<p>flat<\/p>\n","protected":false},"excerpt":{"rendered":"<p>Die beste Kreuzfahrt in Scheveningen Gehen Sie schnell nach Scheveningen, spezialisiert auf Rundreisen mit dem Go Fast r.i.b. Boot (Festrumpfschlauchboot). Gelegen am 2. inneren Hafen am<span class=\"excerpt-hellip\"> [\u2026]<\/span><\/p>\n","protected":false},"author":2,"featured_media":0,"parent":0,"menu_order":0,"comment_status":"closed","ping_status":"closed","template":"","meta":{"sfsi_plus_gutenberg_text_before_share":"","sfsi_plus_gutenberg_show_text_before_share":"","sfsi_plus_gutenberg_icon_type":"","sfsi_plus_gutenberg_icon_alignemt":"","sfsi_plus_gutenburg_max_per_row":"","footnotes":""},"class_list":["post-326","page","type-page","status-publish","hentry"],"_links":{"self":[{"href":"https:\/\/www.gofastscheveningen.nl\/de\/wp-json\/wp\/v2\/pages\/326","targetHints":{"allow":["GET"]}}],"collection":[{"href":"https:\/\/www.gofastscheveningen.nl\/de\/wp-json\/wp\/v2\/pages"}],"about":[{"href":"https:\/\/www.gofastscheveningen.nl\/de\/wp-json\/wp\/v2\/types\/page"}],"author":[{"embeddable":true,"href":"https:\/\/www.gofastscheveningen.nl\/de\/wp-json\/wp\/v2\/users\/2"}],"replies":[{"embeddable":true,"href":"https:\/\/www.gofastscheveningen.nl\/de\/wp-json\/wp\/v2\/comments?post=326"}],"version-history":[{"count":3,"href":"https:\/\/www.gofastscheveningen.nl\/de\/wp-json\/wp\/v2\/pages\/326\/revisions"}],"predecessor-version":[{"id":399,"href":"https:\/\/www.gofastscheveningen.nl\/de\/wp-json\/wp\/v2\/pages\/326\/revisions\/399"}],"wp:attachment":[{"href":"https:\/\/www.gofastscheveningen.nl\/de\/wp-json\/wp\/v2\/media?parent=326"}],"curies":[{"name":"wp","href":"https:\/\/api.w.org\/{rel}","templated":true}]}}